{"id":1115,"date":"2020-12-07T10:56:32","date_gmt":"2020-12-07T10:56:32","guid":{"rendered":"https:\/\/meyra-netti.cnvy.dk\/our-brands-meyra-netti-2\/"},"modified":"2025-04-28T08:57:22","modified_gmt":"2025-04-28T08:57:22","slug":"nos-marques-meyra-netti","status":"publish","type":"page","link":"https:\/\/www.meyra-netti.com\/fr\/nos-marques-meyra-netti\/","title":{"rendered":"Nos marques Meyra Netti"},"content":{"rendered":"","protected":false},"excerpt":{"rendered":"","protected":false},"author":4,"featured_media":0,"parent":0,"menu_order":15,"comment_status":"closed","ping_status":"closed","template":"views\/template-modules.blade.php","meta":{"_seopress_robots_primary_cat":"","_seopress_titles_title":"","_seopress_titles_desc":"","_seopress_robots_index":"","footnotes":""},"sites":[],"class_list":["post-1115","page","type-page","status-publish","hentry"],"app_templates_compare_top_banner_title":"","app_templates_compare_top_banner_body":"","app_templates_compare_top_banner_image":"","app_templates_compare_top_banner_color":"white","app_templates_compare_top_banner_overlay":true,"app_templates_compare_site_settings_site":"meyra_group","app_templates_cookie_policy_top_banner_title":"","app_templates_cookie_policy_top_banner_body":"","app_templates_cookie_policy_top_banner_image":"","app_templates_cookie_policy_top_banner_color":"white","app_templates_cookie_policy_top_banner_overlay":true,"app_templates_cookie_policy_site_settings_site":"meyra_group","app_templates_home_page_home_banner_slides":[],"app_templates_home_page_home_banner_html":"","app_templates_home_page_modules_modules":[],"app_templates_home_page_site_settings_site":"meyra_group","app_templates_modules_top_banner_title":"Nos marques","app_templates_modules_top_banner_body":"","app_templates_modules_top_banner_image":"22","app_templates_modules_top_banner_color":"white","app_templates_modules_top_banner_overlay":true,"app_templates_modules_modules_modules":[{"_type":"content","title":"Des marques de qualit\u00e9 qui inspirent la joie de vivre","content":"Avec nos marques de qualit\u00e9, nous proposons des produits innovants et fiables qui permettent d\u2019optimiser les activit\u00e9s de la vie quotidienne et de s\u00e9curiser, voire d\u2019am\u00e9liorer les conditions de sant\u00e9 de l\u2019utilisateur. Il pourra ainsi \u00eatre plus mobile et participer davantage \u00e0 la vie sociale et aux activit\u00e9s du quotidien.","text_align":"text-left","columns":1},{"_type":"media_text","title":"Meyra","body":"Meyra est l'une des marques les plus connues au monde dans le domaine des fauteuils roulants et des aides \u00e0 la r\u00e9adaptation. Les produits de Meyra apportent des solutions de qualit\u00e9 aux personnes \u00e0 mobilit\u00e9 r\u00e9duite dans leur vie quotidienne, \u00e0 la maison, en d\u00e9placement, pendant la r\u00e9adaptation ou le sport. Depuis 80 ans, Meyra allie connaissance, engagement et robustesse pour r\u00e9pondre au mieux aux exigences m\u00e9dicales et besoins complexes des utilisateurs.","image":"281","image_link":{"value":"","url":"http:\/\/www.meyra.fr","anchor":"Produits de MEYRA","blank":"0"},"link":{"value":"","url":"https:\/\/www.meyra.fr","anchor":"En savoir plus sur nos Meyra produits","blank":"0"},"circle":false,"direction":"flex-row-reverse"},{"_type":"media_text","title":"Netti ","body":"Depuis la fin des ann\u00e9es 1980, Netti est reconnu comme l'un des leaders de fauteuils roulants multifonctionnels. En tant que sp\u00e9cialiste scandinave de l\u2019assise et du positionnement, Netti propose des solutions de qualit\u00e9 et des fauteuils innovants adapt\u00e9s aux exigeances des utilisateurs. Netti est l\u2019un des rares fournisseurs \u00e0 proposer des fauteuils dynamiques aux utilisateurs afin de r\u00e9pondre au mieux \u00e0 leurs besoins pr\u00e9cis et complexes. Tous les produits sont con\u00e7us de mani\u00e8re \u00e0 permettre ou \u00e0 am\u00e9liorer la mobilit\u00e9 de l'utilisateur et \u00e0 faciliter sa participation aux activit\u00e9s de la vie quotidienne.","image":"293","image_link":{"value":"","url":"https:\/\/www.my-netti.com\/fr","anchor":"","blank":"0"},"link":{"value":"","url":"https:\/\/www.my-netti.com\/fr","anchor":"En savoir plus sur my-netti.com\/fr","blank":"0"},"circle":false,"direction":"flex-row-reverse"},{"_type":"media_text","title":"TA","body":"T.A. Service est une marque danoise de fauteuils roulants \u00e9lectriques haut de gamme. Notre objectif est d\u2019offrir la meilleure mobilit\u00e9 possible, l\u2019ergonomie optimale, la qualit\u00e9 et la s\u00e9curit\u00e9 n\u00e9cessaires afin de respecter au mieux les attentes de l\u2019utilisateur et am\u00e9liorer sa qualit\u00e9 de vie. Gr\u00e2ce au dialogue et \u00e0 cette \u00e9coute continue des besoins pr\u00e9cis de l\u2019utilisateur, nous sommes engag\u00e9s \u00e0 garantir le meilleur d\u00e9veloppement de nos produits et proposer une vari\u00e9t\u00e9 de solutions telles que les diff\u00e9rents mod\u00e8les de fauteuils e-power pour l\u2019int\u00e9rieur et l\u2019ext\u00e9rieur, ainsi qu'un d\u00e9veloppement et une am\u00e9lioration continus des produits. T.A. Service propose diff\u00e9rents mod\u00e8les de fauteuils e-power pour l'int\u00e9rieur et l'ext\u00e9rieur, ainsi qu'un mod\u00e8le avec une fonctionnalit\u00e9 stand-up.","image":"387","image_link":{"value":"","url":"\/fr\/produits-de-ta\/","anchor":"Produits de TA","blank":"0"},"link":{"value":"","url":"\/fr\/produits-de-ta\/","anchor":"En savoir plus sur nos TA produits ","blank":"0"},"circle":false,"direction":"flex-row-reverse"}],"app_templates_modules_product_items_product":[],"app_templates_modules_site_settings_site":"meyra_netti","_links":{"self":[{"href":"https:\/\/www.meyra-netti.com\/fr\/wp-json\/wp\/v2\/pages\/1115","targetHints":{"allow":["GET"]}}],"collection":[{"href":"https:\/\/www.meyra-netti.com\/fr\/wp-json\/wp\/v2\/pages"}],"about":[{"href":"https:\/\/www.meyra-netti.com\/fr\/wp-json\/wp\/v2\/types\/page"}],"author":[{"embeddable":true,"href":"https:\/\/www.meyra-netti.com\/fr\/wp-json\/wp\/v2\/users\/4"}],"replies":[{"embeddable":true,"href":"https:\/\/www.meyra-netti.com\/fr\/wp-json\/wp\/v2\/comments?post=1115"}],"version-history":[{"count":10,"href":"https:\/\/www.meyra-netti.com\/fr\/wp-json\/wp\/v2\/pages\/1115\/revisions"}],"predecessor-version":[{"id":2314,"href":"https:\/\/www.meyra-netti.com\/fr\/wp-json\/wp\/v2\/pages\/1115\/revisions\/2314"}],"wp:attachment":[{"href":"https:\/\/www.meyra-netti.com\/fr\/wp-json\/wp\/v2\/media?parent=1115"}],"wp:term":[{"taxonomy":"sites","embeddable":true,"href":"https:\/\/www.meyra-netti.com\/fr\/wp-json\/wp\/v2\/sites?post=1115"}],"curies":[{"name":"wp","href":"https:\/\/api.w.org\/{rel}","templated":true}]}}