{"id":1124,"date":"2020-11-27T13:21:05","date_gmt":"2020-11-27T13:21:05","guid":{"rendered":"https:\/\/meyra-netti.cnvy.dk\/our-company\/"},"modified":"2021-03-10T12:28:05","modified_gmt":"2021-03-10T12:28:05","slug":"notre-societe-meyra-netti","status":"publish","type":"page","link":"https:\/\/www.meyra-netti.com\/fr\/notre-societe-meyra-netti\/","title":{"rendered":"Notre soci\u00e9t\u00e9 Meyra Netti"},"content":{"rendered":"","protected":false},"excerpt":{"rendered":"","protected":false},"author":2,"featured_media":0,"parent":0,"menu_order":17,"comment_status":"closed","ping_status":"closed","template":"views\/template-modules.blade.php","meta":{"_seopress_robots_primary_cat":"","_seopress_titles_title":"","_seopress_titles_desc":"","_seopress_robots_index":"","footnotes":""},"sites":[],"class_list":["post-1124","page","type-page","status-publish","hentry"],"app_templates_compare_top_banner_title":"","app_templates_compare_top_banner_body":"","app_templates_compare_top_banner_image":"","app_templates_compare_top_banner_color":"white","app_templates_compare_top_banner_overlay":true,"app_templates_compare_site_settings_site":"meyra_group","app_templates_cookie_policy_top_banner_title":"","app_templates_cookie_policy_top_banner_body":"","app_templates_cookie_policy_top_banner_image":"","app_templates_cookie_policy_top_banner_color":"white","app_templates_cookie_policy_top_banner_overlay":true,"app_templates_cookie_policy_site_settings_site":"meyra_group","app_templates_home_page_home_banner_slides":[],"app_templates_home_page_home_banner_html":"","app_templates_home_page_modules_modules":[],"app_templates_home_page_site_settings_site":"meyra_group","app_templates_modules_top_banner_title":"Notre soci\u00e9t\u00e9","app_templates_modules_top_banner_body":"","app_templates_modules_top_banner_image":"22","app_templates_modules_top_banner_color":"white","app_templates_modules_top_banner_overlay":true,"app_templates_modules_modules_modules":[{"_type":"content","title":"","content":"<img class=\"size-full wp-image-184 alignright\" src=\"\/app\/uploads\/2020\/12\/Inspire-joy-of-life-Meyra-Group-e1606987906313.png\" alt=\"\" width=\"300\" height=\"231\" \/>Notre objectif est d'inspirer de la joie de vivre aux utilisateurs de fauteuils, \u00e0 leurs familles et soignants, ainsi qu'\u00e0 toutes les autres parties impliqu\u00e9es dans le processus d'offre de nos produits \u00e0 l'utilisateur final.\r\n\r\nAvec nos marques de qualit\u00e9 : Netti, Meyra et TA, nous proposons des produits innovants et fiables qui optimisent les activit\u00e9s de la vie quotidienne de l'utilisateur, lui permettant d'\u00eatre plus mobile, de participer aux activit\u00e9s de la vie quotidienne et de s\u00e9curiser, voire d'am\u00e9liorer, ses conditions de sant\u00e9.\r\n\r\nVous trouverez de plus amples informations sur le site web de chaque marque.","text_align":"text-left","columns":1},{"_type":"media_text","title":"Meyra","body":"Meyra est l'une des marques les plus connues au monde dans le domaine des fauteuils roulants et des aides \u00e0 la r\u00e9adaptation. Les produits de Meyra aident les personnes \u00e0 mobilit\u00e9 r\u00e9duite dans leur vie quotidienne, \u00e0 la maison, en d\u00e9placement, pendant la r\u00e9adaptation ou le sport. Depuis 80 ans, Meyra allie connaissance, engagement et robustesse pour proposer des solutions adapt\u00e9es aux clients.","image":"281","image_link":{"value":"","url":"","anchor":"","blank":"0"},"link":{"value":"","url":"\/fr\/produits-de-la-meyra\/","anchor":"Produits de Meyra","blank":"0"},"circle":false,"direction":"flex-row-reverse"},{"_type":"media_text","title":"Netti ","body":"Depuis la fin des ann\u00e9es 1980, Netti est reconnu comme l'un des leaders de fauteuils roulants multifonctionnels. En tant que sp\u00e9cialiste scandinave du positionnement, Netti propose des solutions de haute qualit\u00e9 et des fauteuils innovants adapt\u00e9s aux exigences des utilisateurs. Netti est l'un des rares fournisseurs \u00e0 proposer des fauteuils dynamiques afin de r\u00e9pondre au mieux aux demandes complexes des utilisateurs. Tous les produits sont con\u00e7us de mani\u00e8re \u00e0 permettre ou \u00e0 am\u00e9liorer la mobilit\u00e9 de l'utilisateur et \u00e0 faciliter sa participation aux activit\u00e9s de la vie quotidienne.","image":"293","image_link":{"value":"","url":"","anchor":"","blank":"0"},"link":{"value":"","url":"https:\/\/www.my-netti.fr","anchor":"En savoir plus sur my-netti.fr","blank":"0"},"circle":false,"direction":"flex-row-reverse"},{"_type":"media_text","title":"T. A. Service","body":"T.A. Service est une marque danoise de fauteuils roulants \u00e9lectriques haut de gamme permettant une meilleure ergonomie et mobilit\u00e9 pour une plus grande s\u00e9curit\u00e9 des utilisateurs. Les solutions sont adapt\u00e9es pour augmenter la qualit\u00e9 de vie et respecter au mieux les besoins de l'utilisateur. T.A. Service propose diff\u00e9rents mod\u00e8les d'e-power pour l'int\u00e9rieur et l'ext\u00e9rieur, ainsi qu'un mod\u00e8le ayant une fonctionnalit\u00e9 stand-up.","image":"387","image_link":{"value":"","url":"","anchor":"","blank":"0"},"link":{"value":"","url":"https:\/\/www.ta-service.dk\/uk","anchor":"En savoir plus sur ta-service.dk\/uk","blank":"0"},"circle":false,"direction":"flex-row-reverse"}],"app_templates_modules_product_items_product":[],"app_templates_modules_site_settings_site":"meyra_netti","_links":{"self":[{"href":"https:\/\/www.meyra-netti.com\/fr\/wp-json\/wp\/v2\/pages\/1124","targetHints":{"allow":["GET"]}}],"collection":[{"href":"https:\/\/www.meyra-netti.com\/fr\/wp-json\/wp\/v2\/pages"}],"about":[{"href":"https:\/\/www.meyra-netti.com\/fr\/wp-json\/wp\/v2\/types\/page"}],"author":[{"embeddable":true,"href":"https:\/\/www.meyra-netti.com\/fr\/wp-json\/wp\/v2\/users\/2"}],"replies":[{"embeddable":true,"href":"https:\/\/www.meyra-netti.com\/fr\/wp-json\/wp\/v2\/comments?post=1124"}],"version-history":[{"count":11,"href":"https:\/\/www.meyra-netti.com\/fr\/wp-json\/wp\/v2\/pages\/1124\/revisions"}],"predecessor-version":[{"id":1452,"href":"https:\/\/www.meyra-netti.com\/fr\/wp-json\/wp\/v2\/pages\/1124\/revisions\/1452"}],"wp:attachment":[{"href":"https:\/\/www.meyra-netti.com\/fr\/wp-json\/wp\/v2\/media?parent=1124"}],"wp:term":[{"taxonomy":"sites","embeddable":true,"href":"https:\/\/www.meyra-netti.com\/fr\/wp-json\/wp\/v2\/sites?post=1124"}],"curies":[{"name":"wp","href":"https:\/\/api.w.org\/{rel}","templated":true}]}}