{"id":1154,"date":"2020-11-30T14:00:41","date_gmt":"2020-11-30T14:00:41","guid":{"rendered":"https:\/\/meyra-netti.cnvy.dk\/contact-us-meyra-netti\/"},"modified":"2025-05-28T09:17:46","modified_gmt":"2025-05-28T09:17:46","slug":"nous-contacter","status":"publish","type":"page","link":"https:\/\/www.meyra-netti.com\/fr\/nous-contacter\/","title":{"rendered":"Nous contacter"},"content":{"rendered":"","protected":false},"excerpt":{"rendered":"","protected":false},"author":1,"featured_media":0,"parent":0,"menu_order":25,"comment_status":"closed","ping_status":"closed","template":"views\/template-modules.blade.php","meta":{"_seopress_robots_primary_cat":"","_seopress_titles_title":"","_seopress_titles_desc":"","_seopress_robots_index":"","footnotes":""},"sites":[],"class_list":["post-1154","page","type-page","status-publish","hentry"],"app_templates_compare_top_banner_title":"","app_templates_compare_top_banner_body":"","app_templates_compare_top_banner_image":"","app_templates_compare_top_banner_color":"white","app_templates_compare_top_banner_overlay":true,"app_templates_compare_site_settings_site":"meyra_group","app_templates_cookie_policy_top_banner_title":"","app_templates_cookie_policy_top_banner_body":"","app_templates_cookie_policy_top_banner_image":"","app_templates_cookie_policy_top_banner_color":"white","app_templates_cookie_policy_top_banner_overlay":true,"app_templates_cookie_policy_site_settings_site":"meyra_group","app_templates_home_page_home_banner_slides":[],"app_templates_home_page_home_banner_html":"","app_templates_home_page_modules_modules":[],"app_templates_home_page_site_settings_site":"meyra_group","app_templates_modules_top_banner_title":"Nous contacter","app_templates_modules_top_banner_body":"","app_templates_modules_top_banner_image":"335","app_templates_modules_top_banner_color":"white","app_templates_modules_top_banner_overlay":true,"app_templates_modules_modules_modules":[{"_type":"content","title":"","content":"<strong>Meyra Netti SAS\r\n<\/strong>11 Rue du Bois du Pont\r\n95310 St Ouen L\u2019Aum\u00f4ne\r\n\r\nTel.\u00a0 01 34 64 15 58\r\nFax. 01 83 71 85 63\r\n\r\n<a href=\"mailto:info@Meyra-Netti.fr\">info@Meyra-Netti.fr<\/a>\r\n\r\n&nbsp;\r\n\r\nNotre filiale MEYRA NETTI comprend 2 divisions\u00a0:\r\n<ul>\r\n \t<li>la division Netti sp\u00e9cialis\u00e9e dans les fauteuils roulants multifonction<\/li>\r\n \t<li>la division Meyra \/ TA sp\u00e9cialis\u00e9e dans les fauteuils \u00e9lectriques et actifs<\/li>\r\n<\/ul>\r\n&nbsp;\r\n\r\nNous restons \u00e0 votre disposition pour de plus amples informations. N\u2019h\u00e9sitez \u00e0 nous contacter :\r\n\r\n&nbsp;","text_align":"text-left","columns":1},{"_type":"content","title":"","content":"<h5><strong>Division Meyra et T.A. SERVICE<\/strong><\/h5>\r\nTel.\u00a0 01 34 64 15 58\r\nFax. 01 83 71 85 63\r\n\r\nEmail: <a href=\"mailto:info@Meyra-Netti.fr\">info@Meyra-Netti.fr<\/a>\r\n<h5><strong>Division Netti<\/strong><\/h5>\r\nTel.\u00a0 04 50 27 37 63\r\nFax. 04 50 60 51 80\r\n\r\nEmail: <a href=\"mailto:info@My-Netti.com\">info@My-Netti.com<\/a>","text_align":"text-left","columns":1},{"_type":"content","title":"","content":"<h5>Responsable France<\/h5>\r\n<strong>Sidi Ounadjela<\/strong>\r\nM : 06 11 03 80 51\r\n<a href=\"mailto:sidi@my-netti.com\">Sidi@My-Netti.com<\/a>","text_align":"text-left","columns":1},{"_type":"content","title":"","content":"&nbsp;\r\n\r\n&nbsp;\r\n<h4>Responsables secteur<\/h4>","text_align":"text-left","columns":1},{"_type":"content","title":"","content":"<h5 class=\"hotspot-popup__title mb-0\">IDF ET NORD<\/h5>\r\n<div class=\"hotspot-popup__content mt-2\">\r\n\r\nMohamed Zbidi\r\nDivision Meyra et TA\r\nMob: 07 86 04 01 28\r\n\r\n<\/div>\r\n<a href=\"mailto:mzbidi@meyragroup.com\">mzbidi@meyragroup.com<\/a>\r\n\r\nH\u00e9l\u00e8ne Cathalifaud\r\nDivision Netti\r\nMob: 06 89 38 05 70\r\n<a href=\"mailto:hcathalifaud@meyragroup.com\">hcathalifaud@meyragroup.com<\/a>\r\n<h5 class=\"hotspot-popup__title mb-0\">NORD-OUEST<\/h5>\r\n<div class=\"hotspot-popup__content mt-2\">\r\n\r\nJulien Maillet\r\nDivisions Netti et Meyra \/ TA\r\nMob: 06 84 68 47 33\r\n<a href=\"mailto:jmaillet@meyragroup.com\">jmaillet@meyragroup.com<\/a>\r\n\r\n<\/div>\r\n<h5><\/h5>\r\n<br><br><br><br><br><br><br><br><br>SUD-OUEST\r\n<div class=\"hotspot-popup__content mt-2\">\r\n\r\nJean-Roch Vidal\r\nDivisions Netti et Meyra \/ TA\r\nMob: 07 89 04 23 66\r\n<a href=\"mailto:jrvidal@meyragroup.com\">jrvidal@meyragroup.com<\/a>\r\n\r\n<\/div>\r\nNORD-EST\r\n<div class=\"hotspot-popup__content mt-2\">\r\n\r\nFran\u00e7ois Magnin-Feysot\r\nDivision Netti, Meyra et TA\r\nM: 06 18 65 27 02\r\n<a href=\"mailto:ffeysot@meyragroup.com\">ffeysot@meyragroup.com<\/a>\r\n\r\n<\/div>\r\n<h5><\/h5>\r\n<div class=\"hotspot-popup__content mt-2\">\r\n\r\n<span style=\"color: #000000; font-size: 1.25rem; font-weight: bold; text-transform: uppercase;\">SUD-EST<\/span>\r\n\r\n<\/div>\r\n<div class=\"hotspot-popup__content mt-2\">Florian Marchand<strong>\r\n<\/strong>Division Netti, Meyra et TA\r\nM : 06 32 65 32 19\r\n<a href=\"mailto:fmarchand@meyragroup.com\">fmarchand@meyragroup.com<\/a><\/div>\r\n<div class=\"hotspot-popup__content mt-2\">\r\n<div class=\"hotspot-popup__content mt-2\">\r\n\r\nMaxime Berthet\r\nResponsable produits et technique\r\nM: 06 08 15 46 11\r\n<a href=\"mailto:mberthet@meyragroup.com\">mberthet@meyragroup.com<\/a>\r\n\r\n<\/div>\r\n<\/div>","text_align":"text-left","columns":2}],"app_templates_modules_product_items_product":[],"app_templates_modules_site_settings_site":"meyra_netti","_links":{"self":[{"href":"https:\/\/www.meyra-netti.com\/fr\/wp-json\/wp\/v2\/pages\/1154","targetHints":{"allow":["GET"]}}],"collection":[{"href":"https:\/\/www.meyra-netti.com\/fr\/wp-json\/wp\/v2\/pages"}],"about":[{"href":"https:\/\/www.meyra-netti.com\/fr\/wp-json\/wp\/v2\/types\/page"}],"author":[{"embeddable":true,"href":"https:\/\/www.meyra-netti.com\/fr\/wp-json\/wp\/v2\/users\/1"}],"replies":[{"embeddable":true,"href":"https:\/\/www.meyra-netti.com\/fr\/wp-json\/wp\/v2\/comments?post=1154"}],"version-history":[{"count":62,"href":"https:\/\/www.meyra-netti.com\/fr\/wp-json\/wp\/v2\/pages\/1154\/revisions"}],"predecessor-version":[{"id":2320,"href":"https:\/\/www.meyra-netti.com\/fr\/wp-json\/wp\/v2\/pages\/1154\/revisions\/2320"}],"wp:attachment":[{"href":"https:\/\/www.meyra-netti.com\/fr\/wp-json\/wp\/v2\/media?parent=1154"}],"wp:term":[{"taxonomy":"sites","embeddable":true,"href":"https:\/\/www.meyra-netti.com\/fr\/wp-json\/wp\/v2\/sites?post=1154"}],"curies":[{"name":"wp","href":"https:\/\/api.w.org\/{rel}","templated":true}]}}