{"id":1574,"date":"2020-12-08T13:36:41","date_gmt":"2020-12-08T13:36:41","guid":{"rendered":"https:\/\/www.meyragroup.com\/about-us-meyra-netti\/"},"modified":"2021-09-29T12:05:17","modified_gmt":"2021-09-29T12:05:17","slug":"a-propos-de-nous-meyra-netti","status":"publish","type":"page","link":"https:\/\/www.meyra-netti.com\/fr\/a-propos-de-nous-meyra-netti\/","title":{"rendered":"A propos de nous Meyra Netti"},"content":{"rendered":"","protected":false},"excerpt":{"rendered":"","protected":false},"author":4,"featured_media":0,"parent":0,"menu_order":25,"comment_status":"closed","ping_status":"closed","template":"views\/template-modules.blade.php","meta":{"_seopress_robots_primary_cat":"","_seopress_titles_title":"","_seopress_titles_desc":"","_seopress_robots_index":"","footnotes":""},"sites":[],"class_list":["post-1574","page","type-page","status-publish","hentry"],"app_templates_compare_top_banner_title":"","app_templates_compare_top_banner_body":"","app_templates_compare_top_banner_image":"","app_templates_compare_top_banner_color":"white","app_templates_compare_top_banner_overlay":true,"app_templates_compare_site_settings_site":"meyra_group","app_templates_cookie_policy_top_banner_title":"","app_templates_cookie_policy_top_banner_body":"","app_templates_cookie_policy_top_banner_image":"","app_templates_cookie_policy_top_banner_color":"white","app_templates_cookie_policy_top_banner_overlay":true,"app_templates_cookie_policy_site_settings_site":"meyra_group","app_templates_home_page_home_banner_slides":[],"app_templates_home_page_home_banner_html":"","app_templates_home_page_modules_modules":[],"app_templates_home_page_site_settings_site":"meyra_group","app_templates_modules_top_banner_title":"A propos de nous ","app_templates_modules_top_banner_body":"","app_templates_modules_top_banner_image":"1132","app_templates_modules_top_banner_color":"white","app_templates_modules_top_banner_overlay":true,"app_templates_modules_modules_modules":[{"_type":"content","title":"","content":"<img class=\"size-full wp-image-184 alignright\" src=\"https:\/\/www.meyragroup.com\/app\/uploads\/2020\/12\/Inspire-joy-of-life-Meyra-Group-e1606987906313.png\" alt=\"\" width=\"300\" height=\"231\" \/>Notre objectif est d'inspirer la joie de vivre aux utilisateurs finaux, \u00e0 leurs familles et au personnel soignant, ainsi qu'\u00e0 toutes les autres parties impliqu\u00e9es dans le processus d'offre de nos produits aux utilisateurs finaux.\r\n\r\nAvec nos marques fortes : Netti, Meyra et TA, nous proposons des produits innovants et fiables qui optimisent les activit\u00e9s de la vie quotidienne pour l'utilisateur final, lui permettant d'\u00eatre plus mobile, de participer aux activit\u00e9s de la vie quotidienne et de pr\u00e9server, voire d'am\u00e9liorer, son \u00e9tat de sant\u00e9.\r\n\r\nVous trouverez de plus amples informations sur le site web de chaque marque.\r\n\r\n&nbsp;","text_align":"text-left","columns":1},{"_type":"columns","columns":[{"_type":"_","image":"1011","link":{"value":"","url":"https:\/\/www.my-netti.com\/","anchor":"","blank":"0"},"body":"Site de la marque Netti: <a href=\"http:\/\/www.My-Netti.com\">My-Netti.com<\/a>"},{"_type":"_","image":"1003","link":{"value":"","url":"http:\/\/www.meyra.com\/","anchor":"","blank":"0"},"body":"Site de la marque Meyra: <a href=\"http:\/\/www.meyra.com\">www.meyra.com <\/a>"},{"_type":"_","image":"999","link":{"value":"","url":"https:\/\/www.ta-service.dk\/uk","anchor":"","blank":"0"},"body":"Site de la marque TA: <a href=\"http:\/\/www.ta-service.dk\">www.ta-service.dk<\/a>"}]}],"app_templates_modules_product_items_product":[],"app_templates_modules_site_settings_site":"meyra_netti","_links":{"self":[{"href":"https:\/\/www.meyra-netti.com\/fr\/wp-json\/wp\/v2\/pages\/1574","targetHints":{"allow":["GET"]}}],"collection":[{"href":"https:\/\/www.meyra-netti.com\/fr\/wp-json\/wp\/v2\/pages"}],"about":[{"href":"https:\/\/www.meyra-netti.com\/fr\/wp-json\/wp\/v2\/types\/page"}],"author":[{"embeddable":true,"href":"https:\/\/www.meyra-netti.com\/fr\/wp-json\/wp\/v2\/users\/4"}],"replies":[{"embeddable":true,"href":"https:\/\/www.meyra-netti.com\/fr\/wp-json\/wp\/v2\/comments?post=1574"}],"version-history":[{"count":2,"href":"https:\/\/www.meyra-netti.com\/fr\/wp-json\/wp\/v2\/pages\/1574\/revisions"}],"predecessor-version":[{"id":1576,"href":"https:\/\/www.meyra-netti.com\/fr\/wp-json\/wp\/v2\/pages\/1574\/revisions\/1576"}],"wp:attachment":[{"href":"https:\/\/www.meyra-netti.com\/fr\/wp-json\/wp\/v2\/media?parent=1574"}],"wp:term":[{"taxonomy":"sites","embeddable":true,"href":"https:\/\/www.meyra-netti.com\/fr\/wp-json\/wp\/v2\/sites?post=1574"}],"curies":[{"name":"wp","href":"https:\/\/api.w.org\/{rel}","templated":true}]}}